{"id":9671,"date":"2023-05-11T10:23:29","date_gmt":"2024-03-22T15:30:40","guid":{"rendered":"https:\/\/shop.in-es.com\/sito\/prodotto\/mini-nebulite-demi-lune\/"},"modified":"2026-04-01T00:06:12","modified_gmt":"2026-04-01T00:06:12","slug":"mezza-luna-mini-nebulite","status":"publish","type":"product","link":"https:\/\/shop.in-es.com\/fr\/prodotto\/mezza-luna-mini-nebulite\/","title":{"rendered":"Mezza Luna Mini N\u00e9bulite"},"content":{"rendered":"<p style=\"text-align: left;\">Des rayons intenses et lumineux, \u00e9mis par une seule source lumineuse : ce sont ceux de Luna, le centre de gravit\u00e9 de la collection de produits In-es.artdesign. Le design de Luna contient des nuances et des sensations vari\u00e9es. Nebulite <em>\u00ae<\/em> <em>,<\/em> le mat\u00e9riau avec lequel elle est fabriqu\u00e9e, transforme la lampe en un catalyseur de lumi\u00e8re douce et plastique. La forme \u00e9voque directement l&rsquo;astre, le reproduisant dans toutes ses veines. C&rsquo;est comme avoir une petite lune pour soi tout seul.<\/p>\n<p style=\"text-align: left;\">Dimensions du diffuseur : \u00d8 50 cm x 25 cm<br \/>\nDimensions rosace : \u00d8 12 cm x 4,5 cm<br \/>\nMat\u00e9riaux : lapr\u00e8ne, acier, n\u00e9bulite<br \/>\nAmpoule : E27 (max 100w) rec. LED 13w \u2013 non incluse<br \/>\nCouleur : blanc, turquoise, orange<br \/>\nCouleur du c\u00e2ble : transparent<br \/>\nLongueur du c\u00e2ble : 130 cm<br \/>\nType de produit : suspension<br \/>\nDimensions emballage : 52 cm x 52 cm x 30 cm \/ 3 kg<\/p>\n","protected":false},"excerpt":{"rendered":"<p style=\"text-align: center;\">Mezza Luna Mini <strong> Nebulite<\/strong> &lsquo;, s&rsquo;inspire de la lune, avec un design qui englobe des nuances et des sensations vari\u00e9es. Nebulite\u00ae, le mat\u00e9riau avec lequel elle est fabriqu\u00e9e, transforme les lampes en un catalyseur de lumi\u00e8re douce et plastique, reproduisant la surface lunaire.<\/p>\n<p style=\"text-align: center;\">*Exp\u00e9dition gratuite<\/p>\n","protected":false},"featured_media":8797,"template":"","meta":[],"product_cat":[306],"product_tag":[],"class_list":{"0":"post-9671","1":"product","2":"type-product","3":"status-publish","4":"has-post-thumbnail","6":"product_cat-best-seller-fr","7":"product_shipping_class-livraison-gratuite","9":"first","10":"instock","11":"taxable","12":"shipping-taxable","13":"purchasable","14":"product-type-variable","15":"layout-style-2","16":"col-md-4 col-sm-4 col-xs-6","17":"col-lg-3","18":"product-has-gallery","19":"product-style-default"},"_links":{"self":[{"href":"https:\/\/shop.in-es.com\/fr\/wp-json\/wp\/v2\/product\/9671","targetHints":{"allow":["GET"]}}],"collection":[{"href":"https:\/\/shop.in-es.com\/fr\/wp-json\/wp\/v2\/product"}],"about":[{"href":"https:\/\/shop.in-es.com\/fr\/wp-json\/wp\/v2\/types\/product"}],"wp:featuredmedia":[{"embeddable":true,"href":"https:\/\/shop.in-es.com\/fr\/wp-json\/wp\/v2\/media\/8797"}],"wp:attachment":[{"href":"https:\/\/shop.in-es.com\/fr\/wp-json\/wp\/v2\/media?parent=9671"}],"wp:term":[{"taxonomy":"product_cat","embeddable":true,"href":"https:\/\/shop.in-es.com\/fr\/wp-json\/wp\/v2\/product_cat?post=9671"},{"taxonomy":"product_tag","embeddable":true,"href":"https:\/\/shop.in-es.com\/fr\/wp-json\/wp\/v2\/product_tag?post=9671"}],"curies":[{"name":"wp","href":"https:\/\/api.w.org\/{rel}","templated":true}]}}