{"id":9628,"date":"2023-05-10T10:05:00","date_gmt":"2024-03-22T15:24:19","guid":{"rendered":"https:\/\/shop.in-es.com\/sito\/prodotto\/lumiere-liquide-1-le\/"},"modified":"2025-12-01T00:11:49","modified_gmt":"2025-12-01T00:11:49","slug":"luce-liquida-1-le","status":"publish","type":"product","link":"https:\/\/shop.in-es.com\/fr\/prodotto\/luce-liquida-1-le\/","title":{"rendered":"Luce Liquida 1 LE"},"content":{"rendered":"<p style=\"text-align: left;\">In-es.artdesign cr\u00e9e p\u00e9riodiquement des s\u00e9ries sp\u00e9ciales des meilleurs vendeurs de sa collection. Ce sont des lampes enrichies de nouvelles finitions, choisies par notre designer principal O\u00e7ilunam et produites en \u00e9dition limit\u00e9e et num\u00e9rot\u00e9e qui transforment l&rsquo;espace en sc\u00e9narios \u00e9vocateurs, harmonisant les combinaisons de lumi\u00e8re et de mat\u00e9riaux avec des solutions con\u00e7ues, raisonn\u00e9es et con\u00e7ues dans un dialogue continu entre fonctions, expressions. in\u00e9dit, diff\u00e9rences, vibrations ed  <strong>des \u00e9quilibres savamment orchestr\u00e9s.  <\/strong>Les lampes In-es.artdesign, dans leur identit\u00e9 mat\u00e9rielle, physique et esth\u00e9tique, rendent la lumi\u00e8re tangible et valorisent l&rsquo;espace virtuel qu&rsquo;elles g\u00e9n\u00e8rent.<\/p>\n<p style=\"text-align: left;\">Dimensions du diffuseur : \u00d8 13 cm x 35 cm<br \/>\nMat\u00e9riaux : n\u00e9bulite, polycarbonate, acier<br \/>\nAmpoule : E14 (max 40w) rec. LED 6 W \u2013 non incluse<br \/>\nCouleur du diffuseur : blanc, turquoise<br \/>\nCouleur du c\u0153ur : rouge<br \/>\nCouleur du c\u00e2ble : transparent<br \/>\nLongueur du c\u00e2ble : 200 cm<br \/>\nType de produit : lampe de table<br \/>\nDimensions de l&#8217;emballage : 38 cm x 38 cm x 40 cm \/ 2 kg<\/p>\n","protected":false},"excerpt":{"rendered":"<p style=\"text-align: center;\">Luna est une collection qui s&rsquo;inspire de la lune, avec un design qui englobe des nuances et des sensations vari\u00e9es. Nebulite\u00ae, le mat\u00e9riau avec lequel elle est fabriqu\u00e9e, transforme les lampes en un catalyseur de lumi\u00e8re douce et plastique, reproduisant la surface lunaire.<\/p>\n<p>&nbsp;<\/p>\n<p style=\"text-align: center;\">*Exp\u00e9dition gratuite<\/p>\n","protected":false},"featured_media":8410,"template":"","meta":[],"product_cat":[344],"product_tag":[],"class_list":{"0":"post-9628","1":"product","2":"type-product","3":"status-publish","4":"has-post-thumbnail","6":"product_cat-editions-limitees","7":"product_shipping_class-livraison-gratuite","9":"first","10":"instock","11":"taxable","12":"shipping-taxable","13":"purchasable","14":"product-type-variable","15":"layout-style-2","16":"col-md-4 col-sm-4 col-xs-6","17":"col-lg-3","18":"product-has-gallery","19":"product-style-default"},"_links":{"self":[{"href":"https:\/\/shop.in-es.com\/fr\/wp-json\/wp\/v2\/product\/9628","targetHints":{"allow":["GET"]}}],"collection":[{"href":"https:\/\/shop.in-es.com\/fr\/wp-json\/wp\/v2\/product"}],"about":[{"href":"https:\/\/shop.in-es.com\/fr\/wp-json\/wp\/v2\/types\/product"}],"wp:featuredmedia":[{"embeddable":true,"href":"https:\/\/shop.in-es.com\/fr\/wp-json\/wp\/v2\/media\/8410"}],"wp:attachment":[{"href":"https:\/\/shop.in-es.com\/fr\/wp-json\/wp\/v2\/media?parent=9628"}],"wp:term":[{"taxonomy":"product_cat","embeddable":true,"href":"https:\/\/shop.in-es.com\/fr\/wp-json\/wp\/v2\/product_cat?post=9628"},{"taxonomy":"product_tag","embeddable":true,"href":"https:\/\/shop.in-es.com\/fr\/wp-json\/wp\/v2\/product_tag?post=9628"}],"curies":[{"name":"wp","href":"https:\/\/api.w.org\/{rel}","templated":true}]}}