{"id":9530,"date":"2023-05-09T15:02:23","date_gmt":"2024-03-22T14:46:29","guid":{"rendered":"https:\/\/shop.in-es.com\/sito\/prodotto\/tutu-2\/"},"modified":"2024-03-22T14:46:29","modified_gmt":"2024-03-22T14:46:29","slug":"tutu-2","status":"publish","type":"product","link":"https:\/\/shop.in-es.com\/fr\/prodotto\/tutu-2\/","title":{"rendered":"Tutu 2"},"content":{"rendered":"<p style=\"text-align: left;\">Exemples uniques de lampes In-es.artdesign r\u00e9alis\u00e9es en collaboration avec des artistes d&rsquo;horizons diff\u00e9rents, qui interpr\u00e8tent et personnalisent chaque pi\u00e8ce selon leur propre technique artistique. Ces collections choisissent la lumi\u00e8re pour am\u00e9liorer la perception fonctionnelle et \u00e9motionnelle des lieux, fa\u00e7onner les surfaces, structurer et d\u00e9limiter les espaces et fa\u00e7onner les volumes, cr\u00e9ant des jeux d&rsquo;ombres \u00e9vocateurs, des contrastes de couleurs et de mat\u00e9riaux. Chaque cr\u00e9ation est sign\u00e9e par l&rsquo;artiste qui l&rsquo;a personnalis\u00e9e, accompagn\u00e9e d&rsquo;un certificat d&rsquo;authenticit\u00e9 et d&rsquo;unicit\u00e9 en tant qu&rsquo;\u0153uvre d&rsquo;art qui acquiert de la valeur au fil du temps, et peut \u00eatre achet\u00e9e uniquement et exclusivement via notre boutique en ligne.<\/p>\n<p style=\"text-align: left;\">Dimensions du diffuseur : \u00d8 46 cm x 27,5 cm<br \/>\nDimensions rosace : \u00d8 12 cm x 4,5 cm<br \/>\nMat\u00e9riaux : lapr\u00e8ne, acier, n\u00e9bulite, acrylique<br \/>\nAmpoule : E27 (max 100w) rec. LED 13w &#8211; non incluse<br \/>\nCouleur ext\u00e9rieure : blanc<br \/>\nCouleur int\u00e9rieure : multicolore<br \/>\nCouleur du c\u00e2ble : transparent<br \/>\nLongueur du c\u00e2ble : 130 cm<br \/>\nType de produit : suspension<br \/>\nDimensions de l&#8217;emballage : 47 cm x 47 cm x 34 cm \/ 3 kg<\/p>\n","protected":false},"excerpt":{"rendered":"<p style=\"text-align: center;\">La suspension <strong>&lsquo;Tut\u00f9 2&rsquo;<\/strong> , con\u00e7ue par l&rsquo;artiste O\u00e7ilunam, est r\u00e9alis\u00e9e avec des techniques mixtes.<\/p>\n<p>&nbsp;<\/p>\n<p style=\"text-align: center;\">*Exp\u00e9dition gratuite<\/p>\n","protected":false},"featured_media":8323,"template":"","meta":[],"product_cat":[341],"product_tag":[],"class_list":{"0":"post-9530","1":"product","2":"type-product","3":"status-publish","4":"has-post-thumbnail","6":"product_cat-pieces-uniques","7":"product_shipping_class-livraison-gratuite","9":"first","10":"instock","11":"taxable","12":"shipping-taxable","13":"purchasable","14":"product-type-simple","15":"layout-style-2","16":"col-md-4 col-sm-4 col-xs-6","17":"col-lg-3","18":"product-has-gallery","19":"product-style-default"},"_links":{"self":[{"href":"https:\/\/shop.in-es.com\/fr\/wp-json\/wp\/v2\/product\/9530","targetHints":{"allow":["GET"]}}],"collection":[{"href":"https:\/\/shop.in-es.com\/fr\/wp-json\/wp\/v2\/product"}],"about":[{"href":"https:\/\/shop.in-es.com\/fr\/wp-json\/wp\/v2\/types\/product"}],"wp:featuredmedia":[{"embeddable":true,"href":"https:\/\/shop.in-es.com\/fr\/wp-json\/wp\/v2\/media\/8323"}],"wp:attachment":[{"href":"https:\/\/shop.in-es.com\/fr\/wp-json\/wp\/v2\/media?parent=9530"}],"wp:term":[{"taxonomy":"product_cat","embeddable":true,"href":"https:\/\/shop.in-es.com\/fr\/wp-json\/wp\/v2\/product_cat?post=9530"},{"taxonomy":"product_tag","embeddable":true,"href":"https:\/\/shop.in-es.com\/fr\/wp-json\/wp\/v2\/product_tag?post=9530"}],"curies":[{"name":"wp","href":"https:\/\/api.w.org\/{rel}","templated":true}]}}