{"id":9460,"date":"2023-05-08T07:20:37","date_gmt":"2024-03-22T14:19:47","guid":{"rendered":"https:\/\/shop.in-es.com\/sito\/prodotto\/peindre-un-tableau-blanc\/"},"modified":"2026-04-01T00:06:15","modified_gmt":"2026-04-01T00:06:15","slug":"paint-lavagna","status":"publish","type":"product","link":"https:\/\/shop.in-es.com\/fr\/prodotto\/paint-lavagna\/","title":{"rendered":"Paint Lavagna"},"content":{"rendered":"<p style=\"text-align: left;\">Rayons lumineux et contrastes de mati\u00e8res, une ligne de lampes qui \u00e9voquent des souvenirs, des sensations, des \u0153uvres d&rsquo;art.<br \/>\nArtisanat, go\u00fbt italien, mat\u00e9riaux pr\u00e9cieux. Telles sont les caract\u00e9ristiques de Matt <u>,<\/u> v\u00e9ritable hymne \u00e0 la mati\u00e8re. La collection de lampes comprend trois lignes, toutes exclusivement model\u00e9es \u00e0 la main : Lavagna, Cemento et Nebula, r\u00e9alis\u00e9es avec des mat\u00e9riaux profond\u00e9ment diff\u00e9rents mais unis par la capacit\u00e9 de transmettre des sensations tactiles et atmosph\u00e9riques.<\/p>\n<p style=\"text-align: left;\">Dimensions du diffuseur : \u00d8 12 cm x 17,5 cm<br \/>\nDimensions de la rosette : \u00d8 9 cm x 4 cm<br \/>\nMat\u00e9riaux : lapr\u00e8ne, nylon, n\u00e9bulite, r\u00e9sine effet tableau noir<br \/>\nAmpoule : E14 (max 30w) rec. LED 6 W \u2013 non incluse<br \/>\nCouleur ext\u00e9rieure : noir<br \/>\nCouleur interne : or, blanc, orange, rouge<br \/>\nCouleur du c\u00e2ble : noir<br \/>\nLongueur du c\u00e2ble : 130 cm<br \/>\nType de produit : suspension<br \/>\nDimensions de l&#8217;emballage : 23 cm x 23 cm x 28 cm \/ 1 kg<\/p>\n","protected":false},"excerpt":{"rendered":"<p style=\"text-align: center;\">&lsquo; <strong>Paint Lavagna<\/strong> &lsquo; a \u00e9t\u00e9 con\u00e7u pour \u00e9voquer des images positives, qui appartiennent \u00e0 nous tous, comme le premier jour d&rsquo;\u00e9cole, les dessins sur le bureau, les crayons de couleur. Sa particularit\u00e9 r\u00e9side dans la surface, sp\u00e9cialement con\u00e7ue pour \u00eatre \u00e9crite et effac\u00e9e, \u00e0 la mani\u00e8re d&rsquo;un tableau noir, v\u00e9cue jour apr\u00e8s jour de mani\u00e8re ludique et l\u00e9g\u00e8re.<\/p>\n<p style=\"text-align: center;\">*Exp\u00e9dition gratuite<\/p>\n","protected":false},"featured_media":8665,"template":"","meta":[],"product_cat":[306],"product_tag":[],"class_list":{"0":"post-9460","1":"product","2":"type-product","3":"status-publish","4":"has-post-thumbnail","6":"product_cat-best-seller-fr","7":"product_shipping_class-livraison-gratuite","9":"first","10":"instock","11":"taxable","12":"shipping-taxable","13":"purchasable","14":"product-type-variable","15":"layout-style-2","16":"col-md-4 col-sm-4 col-xs-6","17":"col-lg-3","18":"product-has-gallery","19":"product-style-default"},"_links":{"self":[{"href":"https:\/\/shop.in-es.com\/fr\/wp-json\/wp\/v2\/product\/9460","targetHints":{"allow":["GET"]}}],"collection":[{"href":"https:\/\/shop.in-es.com\/fr\/wp-json\/wp\/v2\/product"}],"about":[{"href":"https:\/\/shop.in-es.com\/fr\/wp-json\/wp\/v2\/types\/product"}],"wp:featuredmedia":[{"embeddable":true,"href":"https:\/\/shop.in-es.com\/fr\/wp-json\/wp\/v2\/media\/8665"}],"wp:attachment":[{"href":"https:\/\/shop.in-es.com\/fr\/wp-json\/wp\/v2\/media?parent=9460"}],"wp:term":[{"taxonomy":"product_cat","embeddable":true,"href":"https:\/\/shop.in-es.com\/fr\/wp-json\/wp\/v2\/product_cat?post=9460"},{"taxonomy":"product_tag","embeddable":true,"href":"https:\/\/shop.in-es.com\/fr\/wp-json\/wp\/v2\/product_tag?post=9460"}],"curies":[{"name":"wp","href":"https:\/\/api.w.org\/{rel}","templated":true}]}}