{"id":9006,"date":"2023-05-24T08:58:55","date_gmt":"2024-03-20T16:51:59","guid":{"rendered":"https:\/\/shop.in-es.com\/sito\/prodotto\/caciopepe-rouge\/"},"modified":"2026-04-01T00:06:10","modified_gmt":"2026-04-01T00:06:10","slug":"caciopepe-rouge","status":"publish","type":"product","link":"https:\/\/shop.in-es.com\/fr\/prodotto\/caciopepe-rouge\/","title":{"rendered":"Cacio&amp;pepe Rouge"},"content":{"rendered":"<p style=\"text-align: left;\">Les effets harmoniques et novateurs particuliers du bebop, qui a r\u00e9volutionn\u00e9 le jazz dans les ann\u00e9es 1940 et est devenu une tendance et un style, tant dans la musique que dans la mode, ses tempos musicaux modernes et rapides, inspirent une incroyable collection de lampes pop art en verre.  <strong>laprene<\/strong>Le caoutchouc souple et color\u00e9 est propos\u00e9 dans des contrastes de couleurs cr\u00e9atifs avec une forte connotation industrielle. Du gris chaud au bleu fonc\u00e9 en passant par le blanc neutre, les nuances des <strong>lampes Be.pop<\/strong> sont contrast\u00e9es par les couleurs vives des c\u00e2bles \u00e9lectriques, dont les finitions et la fabrication rappellent la c\u00e9ramique et le b\u00e9ton poli, cr\u00e9ant des effets de lumi\u00e8re et des nuances de couleurs.<br \/>\nProtagoniste de la collection, <strong>\u00ab\u00a0Cacio&amp;pepe\u00a0\u00bb<\/strong> revisite la r\u00e2pe, un objet d&rsquo;usage quotidien, en lui donnant une nouvelle fonction lumineuse en tant que suspension, lampe de table, applique murale ou suspendue \u00e0 une \u00e9tag\u00e8re ou \u00e0 un c\u00e2ble tendu.<\/p>\n<p style=\"text-align: left;\">Dimensions du diffuseur : 7 cm x 10 cm x 18 cm<br \/>\nDimensions de la poign\u00e9e : 3 cm x 5 cm x 10 cm<br \/>\nMat\u00e9riaux : lapr\u00e8ne, polycarbonate<br \/>\nAmpoule : E14 (max. 8w) rec. LED 6w &#8211; non incluse<br \/>\nCouleur du diffuseur : rouge<br \/>\nCouleur du c\u00e2ble : blanc, rouge, jaune, bleu, orange fluo, or, blanc\/rouge, blanc\/noir, transparent<br \/>\nLongueur du c\u00e2ble : 250 cm<br \/>\nType de produit : lampe de table\/applique<br \/>\nDimensions de l&#8217;emballage : 11 cm x 8 cm x 30 cm \/ 0,7 kg<\/p>\n","protected":false},"excerpt":{"rendered":"<p style=\"text-align: center;\">Be.pop est une collection inspir\u00e9e du \u00ab\u00a0be.bop\u00a0\u00bb, un style de jazz au tempo rapide avec des \u00e9laborations harmoniques innovantes. Les couleurs des lampes ont une forte connotation urbaine, contrastant avec les couleurs vives des c\u00e2bles.<\/p>\n<p>&nbsp;<\/p>\n<p style=\"text-align: center;\">*Exp\u00e9dition gratuite<\/p>\n","protected":false},"featured_media":7885,"template":"","meta":[],"product_cat":[329],"product_tag":[],"class_list":{"0":"post-9006","1":"product","2":"type-product","3":"status-publish","4":"has-post-thumbnail","6":"product_cat-be-pop-fr","7":"product_shipping_class-livraison-gratuite","9":"first","10":"instock","11":"taxable","12":"shipping-taxable","13":"purchasable","14":"product-type-variable","15":"new","16":"layout-style-2","17":"col-md-4 col-sm-4 col-xs-6","18":"col-lg-3","19":"product-has-gallery","20":"product-style-default"},"_links":{"self":[{"href":"https:\/\/shop.in-es.com\/fr\/wp-json\/wp\/v2\/product\/9006","targetHints":{"allow":["GET"]}}],"collection":[{"href":"https:\/\/shop.in-es.com\/fr\/wp-json\/wp\/v2\/product"}],"about":[{"href":"https:\/\/shop.in-es.com\/fr\/wp-json\/wp\/v2\/types\/product"}],"wp:featuredmedia":[{"embeddable":true,"href":"https:\/\/shop.in-es.com\/fr\/wp-json\/wp\/v2\/media\/7885"}],"wp:attachment":[{"href":"https:\/\/shop.in-es.com\/fr\/wp-json\/wp\/v2\/media?parent=9006"}],"wp:term":[{"taxonomy":"product_cat","embeddable":true,"href":"https:\/\/shop.in-es.com\/fr\/wp-json\/wp\/v2\/product_cat?post=9006"},{"taxonomy":"product_tag","embeddable":true,"href":"https:\/\/shop.in-es.com\/fr\/wp-json\/wp\/v2\/product_tag?post=9006"}],"curies":[{"name":"wp","href":"https:\/\/api.w.org\/{rel}","templated":true}]}}