{"id":8927,"date":"2023-05-11T10:23:35","date_gmt":"2023-05-11T10:23:35","guid":{"rendered":"https:\/\/shop.in-es.com\/sito\/prodotto\/tank-1-out\/"},"modified":"2026-04-01T00:05:11","modified_gmt":"2026-04-01T00:05:11","slug":"tank-1-out","status":"publish","type":"product","link":"https:\/\/shop.in-es.com\/fr\/prodotto\/tank-1-out\/","title":{"rendered":"Tank 1 out"},"content":{"rendered":"<p style=\"text-align: left;\">Les lampes de la collection <strong>Out<\/strong> , \u00e0 travers un design qui englobe des nuances et des sensations vari\u00e9es, cr\u00e9ent l&rsquo;atmosph\u00e8re id\u00e9ale pour les ap\u00e9ritifs, les d\u00eeners ou pour se d\u00e9tendre sous le soleil ou sous le ciel \u00e9toil\u00e9. Ils vous permettront d&rsquo;\u00e9clairer le jardin ou la terrasse apr\u00e8s le coucher du soleil avec une vari\u00e9t\u00e9 de formes et de couleurs, adaptables \u00e0 tout type d&rsquo;espace.<\/p>\n<p style=\"text-align: left;\">Dimensions du diffuseur : \u00d8 23 cm x 142 cm<br \/>\nMat\u00e9riaux : n\u00e9bulite, lapr\u00e8ne<br \/>\nAmpoule : E27 (max 70w) rec. LED 13w \u2013 non incluse<br \/>\nCouleur du diffuseur : blanc<br \/>\nCouleur du c\u00e2ble : gris<br \/>\nLongueur du c\u00e2ble : 200 cm<br \/>\nType de produit : lampe d&rsquo;ext\u00e9rieur<br \/>\nDimensions de l&#8217;emballage : 26 cm x 26 cm x 148 cm \/ 3,6 kg<\/p>\n","protected":false},"excerpt":{"rendered":"<p style=\"text-align: center;\">Tank 1 Out cr\u00e9e l&rsquo;atmosph\u00e8re id\u00e9ale pour les ap\u00e9ritifs, les d\u00eeners ou pour se d\u00e9tendre sous le soleil ou sous le ciel \u00e9toil\u00e9. Nebulite\u00ae, le mat\u00e9riau avec lequel elle est fabriqu\u00e9e, transforme la lampe en un catalyseur de lumi\u00e8re douce et plastique, reproduisant la surface lunaire.<\/p>\n<p>&nbsp;<\/p>\n<p style=\"text-align: center;\">*Exp\u00e9dition gratuite<\/p>\n","protected":false},"featured_media":8701,"template":"","meta":[],"product_cat":[306],"product_tag":[],"class_list":{"0":"post-8927","1":"product","2":"type-product","3":"status-publish","4":"has-post-thumbnail","6":"product_cat-best-seller-fr","7":"product_shipping_class-livraison-gratuite","9":"first","10":"instock","11":"taxable","12":"shipping-taxable","13":"purchasable","14":"product-type-simple","15":"layout-style-2","16":"col-md-4 col-sm-4 col-xs-6","17":"col-lg-3","18":"product-has-gallery","19":"product-style-default"},"_links":{"self":[{"href":"https:\/\/shop.in-es.com\/fr\/wp-json\/wp\/v2\/product\/8927","targetHints":{"allow":["GET"]}}],"collection":[{"href":"https:\/\/shop.in-es.com\/fr\/wp-json\/wp\/v2\/product"}],"about":[{"href":"https:\/\/shop.in-es.com\/fr\/wp-json\/wp\/v2\/types\/product"}],"wp:featuredmedia":[{"embeddable":true,"href":"https:\/\/shop.in-es.com\/fr\/wp-json\/wp\/v2\/media\/8701"}],"wp:attachment":[{"href":"https:\/\/shop.in-es.com\/fr\/wp-json\/wp\/v2\/media?parent=8927"}],"wp:term":[{"taxonomy":"product_cat","embeddable":true,"href":"https:\/\/shop.in-es.com\/fr\/wp-json\/wp\/v2\/product_cat?post=8927"},{"taxonomy":"product_tag","embeddable":true,"href":"https:\/\/shop.in-es.com\/fr\/wp-json\/wp\/v2\/product_tag?post=8927"}],"curies":[{"name":"wp","href":"https:\/\/api.w.org\/{rel}","templated":true}]}}