{"id":9698,"date":"2023-05-11T10:23:37","date_gmt":"2024-03-22T15:36:02","guid":{"rendered":"https:\/\/shop.in-es.com\/sito\/prodotto\/ex-moon\/"},"modified":"2026-04-01T00:06:11","modified_gmt":"2026-04-01T00:06:11","slug":"ex-moon","status":"publish","type":"product","link":"https:\/\/shop.in-es.com\/de\/prodotto\/ex-moon\/","title":{"rendered":"Ex.moon"},"content":{"rendered":"<p style=\"text-align: left;\">Die Lampen der <strong>Out-<\/strong> Kollektion schaffen durch ein Design, das vielf\u00e4ltige Nuancen und Empfindungen umfasst, die ideale Atmosph\u00e4re f\u00fcr Aperitifs, Abendessen oder zum Entspannen unter der Sonne oder dem Sternenhimmel. Sie erm\u00f6glichen es Ihnen, den Garten oder die Terrasse nach Sonnenuntergang mit einer Vielzahl von Formen und Farben zu beleuchten, die an jede Art von Raum angepasst werden k\u00f6nnen.<\/p>\n<p style=\"text-align: left;\">Diffusorabmessungen: \u00d8 35\/50 cm<br \/>\nMaterialien: Laprene, Nebulit<br \/>\nLeuchtmittel: E27 (max. 50\/70 W), empf. LED 13 W \u2013 IP 65 \u2013 nicht im Lieferumfang enthalten<br \/>\nDiffusorfarbe: Wei\u00df<br \/>\nKabelfarbe: grau<br \/>\nKabell\u00e4nge: 200 cm<br \/>\nProdukttyp: Stehleuchte f\u00fcr den Au\u00dfenbereich<br \/>\nEx.moon 35 Verpackungsma\u00dfe: 38 cm x 38 cm x 40 cm \/ 4 kg<br \/>\nEx.moon 1 Verpackungsma\u00dfe: 52 cm x 52 cm x 60 cm \/ 6 kg<\/p>\n","protected":false},"excerpt":{"rendered":"<p style=\"text-align: center;\">Ex.moon schafft die ideale Atmosph\u00e4re f\u00fcr Aperitifs, Abendessen oder zum Entspannen unter der Sonne oder dem Sternenhimmel. Nebulite\u00ae, das Material, aus dem sie hergestellt ist, verwandelt die Lampe in einen Katalysator f\u00fcr weiches, plastisches Licht, das die Mondoberfl\u00e4che nachbildet.<\/p>\n<p>&nbsp;<\/p>\n<p style=\"text-align: center;\">*kostenloser Versand<\/p>\n","protected":false},"featured_media":8747,"template":"","meta":[],"product_cat":[308],"product_tag":[],"class_list":{"0":"post-9698","1":"product","2":"type-product","3":"status-publish","4":"has-post-thumbnail","6":"product_cat-bestseller","7":"product_shipping_class-kostenlose-lieferung","9":"first","10":"instock","11":"taxable","12":"shipping-taxable","13":"purchasable","14":"product-type-variable","15":"layout-style-2","16":"col-md-4 col-sm-4 col-xs-6","17":"col-lg-3","18":"product-has-gallery","19":"product-style-default"},"_links":{"self":[{"href":"https:\/\/shop.in-es.com\/de\/wp-json\/wp\/v2\/product\/9698","targetHints":{"allow":["GET"]}}],"collection":[{"href":"https:\/\/shop.in-es.com\/de\/wp-json\/wp\/v2\/product"}],"about":[{"href":"https:\/\/shop.in-es.com\/de\/wp-json\/wp\/v2\/types\/product"}],"wp:featuredmedia":[{"embeddable":true,"href":"https:\/\/shop.in-es.com\/de\/wp-json\/wp\/v2\/media\/8747"}],"wp:attachment":[{"href":"https:\/\/shop.in-es.com\/de\/wp-json\/wp\/v2\/media?parent=9698"}],"wp:term":[{"taxonomy":"product_cat","embeddable":true,"href":"https:\/\/shop.in-es.com\/de\/wp-json\/wp\/v2\/product_cat?post=9698"},{"taxonomy":"product_tag","embeddable":true,"href":"https:\/\/shop.in-es.com\/de\/wp-json\/wp\/v2\/product_tag?post=9698"}],"curies":[{"name":"wp","href":"https:\/\/api.w.org\/{rel}","templated":true}]}}