{"id":9675,"date":"2023-05-11T10:23:29","date_gmt":"2024-03-22T15:31:19","guid":{"rendered":"https:\/\/shop.in-es.com\/sito\/prodotto\/halbmond-mininebel\/"},"modified":"2026-04-01T00:06:12","modified_gmt":"2026-04-01T00:06:12","slug":"mezza-luna-mini-nebulite","status":"publish","type":"product","link":"https:\/\/shop.in-es.com\/de\/prodotto\/mezza-luna-mini-nebulite\/","title":{"rendered":"Mezza Luna Mini Nebulite"},"content":{"rendered":"<p style=\"text-align: left;\">Intensive und helle Strahlen, die von einer einzigen Lichtquelle abgegeben werden: Das sind die von Luna, dem Schwerpunkt der Produktkollektion In-es.artdesign. Das Design von Luna enth\u00e4lt Nuancen und vielf\u00e4ltige Empfindungen. <em>Nebulite\u00ae<\/em> <em>,<\/em> das Material, aus dem sie hergestellt ist, verwandelt die Lampe in einen Katalysator f\u00fcr weiches, plastisches Licht. Die Form erinnert direkt an den Himmelsk\u00f6rper und reproduziert ihn in jeder Hinsicht. Als ob man einen kleinen Mond ganz f\u00fcr sich allein h\u00e4tte.<\/p>\n<p style=\"text-align: left;\">Ma\u00dfe des Diffusors: \u00d8 50 cm x 25 cm<br \/>\nRosettenma\u00dfe: \u00d8 12 cm x 4,5 cm<br \/>\nMaterialien: Laprene, Stahl, Nebulit<br \/>\nLeuchtmittel: E27 (max. 100 W) empf. LED 13 W \u2013 nicht im Lieferumfang enthalten<br \/>\nFarbe: Wei\u00df, T\u00fcrkis, Orange<br \/>\nKabelfarbe: transparent<br \/>\nKabell\u00e4nge: 130 cm<br \/>\nProdukttyp: Aufh\u00e4ngung<br \/>\nVerpackungsma\u00dfe: 52 cm x 52 cm x 30 cm \/ 3 kg<\/p>\n","protected":false},"excerpt":{"rendered":"<p style=\"text-align: center;\">\u201e Mezza Luna Mini <strong> Nebulite<\/strong> \u201c ist vom Mond inspiriert und verf\u00fcgt \u00fcber ein Design, das verschiedene Nuancen und Empfindungen umfasst. Nebulite\u00ae, das Material, aus dem es hergestellt wird, verwandelt die Lampen in einen Katalysator aus weichem, plastischem Licht, das die Mondoberfl\u00e4che nachbildet.<\/p>\n<p style=\"text-align: center;\">*kostenloser Versand<\/p>\n","protected":false},"featured_media":8798,"template":"","meta":[],"product_cat":[308],"product_tag":[],"class_list":{"0":"post-9675","1":"product","2":"type-product","3":"status-publish","4":"has-post-thumbnail","6":"product_cat-bestseller","7":"product_shipping_class-kostenlose-lieferung","9":"first","10":"instock","11":"taxable","12":"shipping-taxable","13":"purchasable","14":"product-type-variable","15":"layout-style-2","16":"col-md-4 col-sm-4 col-xs-6","17":"col-lg-3","18":"product-has-gallery","19":"product-style-default"},"_links":{"self":[{"href":"https:\/\/shop.in-es.com\/de\/wp-json\/wp\/v2\/product\/9675","targetHints":{"allow":["GET"]}}],"collection":[{"href":"https:\/\/shop.in-es.com\/de\/wp-json\/wp\/v2\/product"}],"about":[{"href":"https:\/\/shop.in-es.com\/de\/wp-json\/wp\/v2\/types\/product"}],"wp:featuredmedia":[{"embeddable":true,"href":"https:\/\/shop.in-es.com\/de\/wp-json\/wp\/v2\/media\/8798"}],"wp:attachment":[{"href":"https:\/\/shop.in-es.com\/de\/wp-json\/wp\/v2\/media?parent=9675"}],"wp:term":[{"taxonomy":"product_cat","embeddable":true,"href":"https:\/\/shop.in-es.com\/de\/wp-json\/wp\/v2\/product_cat?post=9675"},{"taxonomy":"product_tag","embeddable":true,"href":"https:\/\/shop.in-es.com\/de\/wp-json\/wp\/v2\/product_tag?post=9675"}],"curies":[{"name":"wp","href":"https:\/\/api.w.org\/{rel}","templated":true}]}}