{"id":9655,"date":"2023-05-10T10:05:14","date_gmt":"2024-03-22T15:27:26","guid":{"rendered":"https:\/\/shop.in-es.com\/sito\/prodotto\/t-moon-2-le\/"},"modified":"2026-04-01T00:06:12","modified_gmt":"2026-04-01T00:06:12","slug":"t-moon-2-le","status":"publish","type":"product","link":"https:\/\/shop.in-es.com\/de\/prodotto\/t-moon-2-le\/","title":{"rendered":"T.moon 2 L.E."},"content":{"rendered":"<p style=\"text-align: left;\">In-es.artdesign erstellt regelm\u00e4\u00dfig Sonderserien der Bestseller aus seiner Sammlung. Dabei handelt es sich um Lampen mit neuen Ausf\u00fchrungen, die von unserem Hauptdesigner O\u00e7ilunam ausgew\u00e4hlt und in einer limitierten und nummerierten Auflage hergestellt werden. Sie verwandeln den Raum in stimmungsvolle Szenarien und harmonisieren Licht- und Materialkombinationen mit L\u00f6sungen, die in einem kontinuierlichen Dialog zwischen Funktionen und Ausdrucksformen konzipiert, durchdacht und gestaltet werden unver\u00f6ffentlicht, Unterschiede, Vibrationen hrsg  <strong>fachm\u00e4nnisch orchestrierte Bilanzen.  <\/strong>In-es.artdesign-Lampen machen in ihrer materiellen, physischen und \u00e4sthetischen Identit\u00e4t Licht erlebbar und bereichern den von ihnen erzeugten virtuellen Raum.<\/p>\n<p style=\"text-align: left;\">Abmessungen des Diffusors: \u00d8 35 cm<br \/>\nMaterialien: Nebel, Polycarbonat<br \/>\nLeuchtmittel: E27 (max. 50 W) empf. LED 13 W \u2013 nicht im Lieferumfang enthalten<br \/>\nDiffusorfarbe: Wei\u00df<br \/>\nKabelfarbe: rot, wei\u00df\/schwarz<br \/>\nKabell\u00e4nge: 200 cm<br \/>\nProdukttyp: Tischlampe<br \/>\nVerpackungsma\u00dfe: 38 cm x 38 cm x 40 cm \/ 2 kg<\/p>\n","protected":false},"excerpt":{"rendered":"<p style=\"text-align: center;\">Luna ist eine vom Mond inspirierte Kollektion mit einem Design, das vielf\u00e4ltige Nuancen und Empfindungen umfasst. Nebulite\u00ae, das Material, aus dem es hergestellt wird, verwandelt die Lampen in einen Katalysator aus weichem, plastischem Licht, das die Mondoberfl\u00e4che nachbildet.<\/p>\n<p>&nbsp;<\/p>\n<p style=\"text-align: center;\">*kostenloser Versand<\/p>\n","protected":false},"featured_media":8090,"template":"","meta":[],"product_cat":[345],"product_tag":[],"class_list":{"0":"post-9655","1":"product","2":"type-product","3":"status-publish","4":"has-post-thumbnail","6":"product_cat-limitierte-auflagen","7":"product_shipping_class-kostenlose-lieferung","9":"first","10":"instock","11":"taxable","12":"shipping-taxable","13":"purchasable","14":"product-type-variable","15":"layout-style-2","16":"col-md-4 col-sm-4 col-xs-6","17":"col-lg-3","18":"product-has-gallery","19":"product-style-default"},"_links":{"self":[{"href":"https:\/\/shop.in-es.com\/de\/wp-json\/wp\/v2\/product\/9655","targetHints":{"allow":["GET"]}}],"collection":[{"href":"https:\/\/shop.in-es.com\/de\/wp-json\/wp\/v2\/product"}],"about":[{"href":"https:\/\/shop.in-es.com\/de\/wp-json\/wp\/v2\/types\/product"}],"wp:featuredmedia":[{"embeddable":true,"href":"https:\/\/shop.in-es.com\/de\/wp-json\/wp\/v2\/media\/8090"}],"wp:attachment":[{"href":"https:\/\/shop.in-es.com\/de\/wp-json\/wp\/v2\/media?parent=9655"}],"wp:term":[{"taxonomy":"product_cat","embeddable":true,"href":"https:\/\/shop.in-es.com\/de\/wp-json\/wp\/v2\/product_cat?post=9655"},{"taxonomy":"product_tag","embeddable":true,"href":"https:\/\/shop.in-es.com\/de\/wp-json\/wp\/v2\/product_tag?post=9655"}],"curies":[{"name":"wp","href":"https:\/\/api.w.org\/{rel}","templated":true}]}}