{"id":9644,"date":"2023-05-10T10:05:13","date_gmt":"2024-03-22T15:25:49","guid":{"rendered":"https:\/\/shop.in-es.com\/sito\/prodotto\/h2o-chrom\/"},"modified":"2026-04-01T00:06:12","modified_gmt":"2026-04-01T00:06:12","slug":"wasser-chrom","status":"publish","type":"product","link":"https:\/\/shop.in-es.com\/de\/prodotto\/wasser-chrom\/","title":{"rendered":"H2O Chrom"},"content":{"rendered":"<p style=\"text-align: left;\">In-es.artdesign erstellt regelm\u00e4\u00dfig Sonderserien der Bestseller aus seiner Sammlung. Dabei handelt es sich um Lampen mit neuen Ausf\u00fchrungen, die von unserem Hauptdesigner O\u00e7ilunam ausgew\u00e4hlt und in einer limitierten und nummerierten Auflage hergestellt werden. Sie verwandeln den Raum in stimmungsvolle Szenarien und harmonisieren Licht- und Materialkombinationen mit L\u00f6sungen, die in einem kontinuierlichen Dialog zwischen Funktionen und Ausdrucksformen konzipiert, durchdacht und gestaltet werden unver\u00f6ffentlicht, Unterschiede, Vibrationen hrsg  <strong>fachm\u00e4nnisch orchestrierte Bilanzen.  <\/strong>In-es.artdesign-Lampen machen in ihrer materiellen, physischen und \u00e4sthetischen Identit\u00e4t Licht erlebbar und bereichern den von ihnen erzeugten virtuellen Raum.<\/p>\n<p style=\"text-align: left;\">Ma\u00dfe des Diffusors: \u00d8 46 cm x 27,5 cm<br \/>\nRosettenma\u00dfe: \u00d8 12 cm x 4,5 cm<br \/>\nMaterialien: Laprene, Stahl, Nebulit<br \/>\nLeuchtmittel: E27 (max. 100 W) empf. LED 13 W \u2013 nicht im Lieferumfang enthalten<br \/>\nAu\u00dfenfarbe: Chromsilber<br \/>\nInnenfarbe: Gelb, Magenta, Blau, Gr\u00fcn<br \/>\nKabelfarbe: transparent<br \/>\nKabell\u00e4nge: 130 cm<br \/>\nProdukttyp: Aufh\u00e4ngung<br \/>\nVerpackungsma\u00dfe: 47 cm x 47 cm x 34 cm \/ 3 kg<\/p>\n","protected":false},"excerpt":{"rendered":"<p style=\"text-align: center;\">\u201e <strong>H2O Cromo<\/strong> \u201c, eine Aufh\u00e4ngung mit reinem und eindrucksvollem Design, besteht aus Nebulite. Das \u00c4u\u00dfere in Silberchrom bildet einen interessanten Kontrast zum Innenraum. Erh\u00e4ltlich in vier Farben.<\/p>\n<p>&nbsp;<\/p>\n<p style=\"text-align: center;\">*kostenloser Versand<\/p>\n","protected":false},"featured_media":8159,"template":"","meta":[],"product_cat":[345],"product_tag":[],"class_list":{"0":"post-9644","1":"product","2":"type-product","3":"status-publish","4":"has-post-thumbnail","6":"product_cat-limitierte-auflagen","7":"product_shipping_class-kostenlose-lieferung","9":"first","10":"instock","11":"taxable","12":"shipping-taxable","13":"purchasable","14":"product-type-variable","15":"layout-style-2","16":"col-md-4 col-sm-4 col-xs-6","17":"col-lg-3","18":"product-has-gallery","19":"product-style-default"},"_links":{"self":[{"href":"https:\/\/shop.in-es.com\/de\/wp-json\/wp\/v2\/product\/9644","targetHints":{"allow":["GET"]}}],"collection":[{"href":"https:\/\/shop.in-es.com\/de\/wp-json\/wp\/v2\/product"}],"about":[{"href":"https:\/\/shop.in-es.com\/de\/wp-json\/wp\/v2\/types\/product"}],"wp:featuredmedia":[{"embeddable":true,"href":"https:\/\/shop.in-es.com\/de\/wp-json\/wp\/v2\/media\/8159"}],"wp:attachment":[{"href":"https:\/\/shop.in-es.com\/de\/wp-json\/wp\/v2\/media?parent=9644"}],"wp:term":[{"taxonomy":"product_cat","embeddable":true,"href":"https:\/\/shop.in-es.com\/de\/wp-json\/wp\/v2\/product_cat?post=9644"},{"taxonomy":"product_tag","embeddable":true,"href":"https:\/\/shop.in-es.com\/de\/wp-json\/wp\/v2\/product_tag?post=9644"}],"curies":[{"name":"wp","href":"https:\/\/api.w.org\/{rel}","templated":true}]}}