{"id":9537,"date":"2023-05-09T14:52:27","date_gmt":"2024-03-22T14:48:33","guid":{"rendered":"https:\/\/shop.in-es.com\/sito\/prodotto\/gummi-tschu-tschu\/"},"modified":"2024-06-17T09:33:53","modified_gmt":"2024-06-17T09:33:53","slug":"gummi-tschu-tschu","status":"publish","type":"product","link":"https:\/\/shop.in-es.com\/de\/prodotto\/gummi-tschu-tschu\/","title":{"rendered":"Caucci\u00f9 \u2013 ci\u00f9 ci\u00f9"},"content":{"rendered":"<p style=\"text-align: left;\">Einzigartige Beispiele von In-es.artdesign-Lampen, die in Zusammenarbeit mit K\u00fcnstlern unterschiedlicher Herkunft hergestellt wurden, die jedes St\u00fcck entsprechend ihrer eigenen k\u00fcnstlerischen Technik interpretieren und personalisieren. Diese Kollektionen entscheiden sich f\u00fcr Licht, um die funktionale und emotionale Wahrnehmung von Orten zu verbessern, Oberfl\u00e4chen zu formen, R\u00e4ume zu strukturieren und abzugrenzen und Volumen zu formen, wodurch eindrucksvolle Schatten-, Farb- und Materialkontraste entstehen. Jede Kreation wird von dem K\u00fcnstler signiert, der sie personalisiert hat, begleitet von einem Echtheits- und Einzigartigkeitszertifikat als Kunstwerk, das mit der Zeit an Wert gewinnt und nur und ausschlie\u00dflich \u00fcber unseren Webshop erworben werden kann.<\/p>\n<p style=\"text-align: left;\">Ma\u00dfe des Diffusors: \u00d8 70 cm x 33 cm<br \/>\nRosettenma\u00dfe: \u00d8 12 cm x 4,5 cm<br \/>\nMaterialien: Laprene, Stahl, Nebulit<br \/>\nLeuchtmittel: E27 (max. 100 W) empf. LED 13 W \u2013 nicht im Lieferumfang enthalten<br \/>\nAu\u00dfenfarbe: Betongrau<br \/>\nInnenfarbe: Wei\u00df<br \/>\nKabelfarbe: transparent<br \/>\nKabell\u00e4nge: 130 cm<br \/>\nProdukttyp: Aufh\u00e4ngung<br \/>\nVerpackungsma\u00dfe: 73 cm x 73 cm x 40 cm \/ 7 kg<\/p>\n","protected":false},"excerpt":{"rendered":"<p style=\"text-align: center;\">Die vom K\u00fcnstler Eros Cau entworfene Aufh\u00e4ngung <strong>\u201eCaucci\u00f9 \u2013 ci\u00f9 ci\u00f9\u201c<\/strong> besteht aus Mischtechnik.<\/p>\n<p>&nbsp;<\/p>\n<p style=\"text-align: center;\">*kostenloser Versand<\/p>\n","protected":false},"featured_media":8297,"template":"","meta":[],"product_cat":[342],"product_tag":[],"class_list":{"0":"post-9537","1":"product","2":"type-product","3":"status-publish","4":"has-post-thumbnail","6":"product_cat-unikate","7":"product_shipping_class-kostenlose-lieferung","9":"first","10":"instock","11":"taxable","12":"shipping-taxable","13":"purchasable","14":"product-type-simple","15":"layout-style-2","16":"col-md-4 col-sm-4 col-xs-6","17":"col-lg-3","18":"product-has-gallery","19":"product-style-default"},"_links":{"self":[{"href":"https:\/\/shop.in-es.com\/de\/wp-json\/wp\/v2\/product\/9537","targetHints":{"allow":["GET"]}}],"collection":[{"href":"https:\/\/shop.in-es.com\/de\/wp-json\/wp\/v2\/product"}],"about":[{"href":"https:\/\/shop.in-es.com\/de\/wp-json\/wp\/v2\/types\/product"}],"wp:featuredmedia":[{"embeddable":true,"href":"https:\/\/shop.in-es.com\/de\/wp-json\/wp\/v2\/media\/8297"}],"wp:attachment":[{"href":"https:\/\/shop.in-es.com\/de\/wp-json\/wp\/v2\/media?parent=9537"}],"wp:term":[{"taxonomy":"product_cat","embeddable":true,"href":"https:\/\/shop.in-es.com\/de\/wp-json\/wp\/v2\/product_cat?post=9537"},{"taxonomy":"product_tag","embeddable":true,"href":"https:\/\/shop.in-es.com\/de\/wp-json\/wp\/v2\/product_tag?post=9537"}],"curies":[{"name":"wp","href":"https:\/\/api.w.org\/{rel}","templated":true}]}}