{"id":9450,"date":"2023-05-08T07:20:34","date_gmt":"2024-03-22T14:18:39","guid":{"rendered":"https:\/\/shop.in-es.com\/sito\/prodotto\/bin-tafel\/"},"modified":"2026-04-01T00:06:15","modified_gmt":"2026-04-01T00:06:15","slug":"bin-lavagna","status":"publish","type":"product","link":"https:\/\/shop.in-es.com\/de\/prodotto\/bin-lavagna\/","title":{"rendered":"Bin Lavagna"},"content":{"rendered":"<p style=\"text-align: left;\">Lichtstrahlen und Materialkontraste, eine Lampenlinie, die Erinnerungen, Empfindungen und Kunstwerke hervorruft.<br \/>\nHandwerkskunst, italienischer Geschmack, edle Materialien. Das sind die Eigenschaften von Matt <u>,<\/u> einer wahren Hymne an das Material. Die Lampenkollektion umfasst drei Linien, die alle ausschlie\u00dflich von Hand modelliert werden: Lavagna, Cemento und Nebula, hergestellt aus v\u00f6llig unterschiedlichen Materialien, aber vereint durch die F\u00e4higkeit, taktile und atmosph\u00e4rische Empfindungen zu vermitteln.<\/p>\n<p style=\"text-align: left;\">Ma\u00dfe des Diffusors: \u00d8 33,5 cm x 35 cm<br \/>\nRosettenma\u00dfe: \u00d8 12 cm x 4,5 cm<br \/>\nMaterialien: Laprene, Nylon, Nebulite, Harz mit Tafeleffekt<br \/>\nLeuchtmittel: E27 (max. 70 W) empf. LED 13 W \u2013 nicht im Lieferumfang enthalten<br \/>\nAu\u00dfenfarbe: Schwarz<br \/>\nInnenfarbe: Gold, Wei\u00df, Orange, Rot<br \/>\nKabelfarbe: schwarz<br \/>\nKabell\u00e4nge: 130 cm<br \/>\nProdukttyp: Aufh\u00e4ngung<br \/>\nVerpackungsma\u00dfe: 38 cm x 38 cm x 40 cm \/ 2,5 kg<\/p>\n","protected":false},"excerpt":{"rendered":"<p style=\"text-align: center;\">\u201e <strong>Bin Lavagna<\/strong> \u201c wurde entworfen, um positive Bilder hervorzurufen, die uns allen geh\u00f6ren, wie zum Beispiel den ersten Schultag, die Zeichnungen auf dem Schreibtisch, die Buntstifte. Sein Pluspunkt ist die Oberfl\u00e4che, die speziell zum Schreiben und L\u00f6schen entwickelt wurde, genau wie eine Tafel, die Tag f\u00fcr Tag auf spielerische und leichte Weise erlebt werden kann.<\/p>\n<p style=\"text-align: center;\">*kostenloser Versand<\/p>\n","protected":false},"featured_media":8657,"template":"","meta":[],"product_cat":[308],"product_tag":[],"class_list":{"0":"post-9450","1":"product","2":"type-product","3":"status-publish","4":"has-post-thumbnail","6":"product_cat-bestseller","7":"product_shipping_class-kostenlose-lieferung","9":"first","10":"instock","11":"taxable","12":"shipping-taxable","13":"purchasable","14":"product-type-variable","15":"layout-style-2","16":"col-md-4 col-sm-4 col-xs-6","17":"col-lg-3","18":"product-has-gallery","19":"product-style-default"},"_links":{"self":[{"href":"https:\/\/shop.in-es.com\/de\/wp-json\/wp\/v2\/product\/9450","targetHints":{"allow":["GET"]}}],"collection":[{"href":"https:\/\/shop.in-es.com\/de\/wp-json\/wp\/v2\/product"}],"about":[{"href":"https:\/\/shop.in-es.com\/de\/wp-json\/wp\/v2\/types\/product"}],"wp:featuredmedia":[{"embeddable":true,"href":"https:\/\/shop.in-es.com\/de\/wp-json\/wp\/v2\/media\/8657"}],"wp:attachment":[{"href":"https:\/\/shop.in-es.com\/de\/wp-json\/wp\/v2\/media?parent=9450"}],"wp:term":[{"taxonomy":"product_cat","embeddable":true,"href":"https:\/\/shop.in-es.com\/de\/wp-json\/wp\/v2\/product_cat?post=9450"},{"taxonomy":"product_tag","embeddable":true,"href":"https:\/\/shop.in-es.com\/de\/wp-json\/wp\/v2\/product_tag?post=9450"}],"curies":[{"name":"wp","href":"https:\/\/api.w.org\/{rel}","templated":true}]}}