{"id":9436,"date":"2023-05-08T07:20:31","date_gmt":"2024-03-22T14:16:08","guid":{"rendered":"https:\/\/shop.in-es.com\/sito\/prodotto\/cyrcus-zement\/"},"modified":"2026-04-01T00:06:15","modified_gmt":"2026-04-01T00:06:15","slug":"cyrcus-cemento","status":"publish","type":"product","link":"https:\/\/shop.in-es.com\/de\/prodotto\/cyrcus-cemento\/","title":{"rendered":"Cyrcus Cemento"},"content":{"rendered":"<p style=\"text-align: left;\">Lichtstrahlen und Materialkontraste, eine Lampenlinie, die Erinnerungen, Empfindungen und Kunstwerke hervorruft.<br \/>\nHandwerkskunst, italienischer Geschmack, edle Materialien. Das sind die Eigenschaften von Matt <u>,<\/u> einer wahren Hymne an das Material. Die Lampenkollektion umfasst drei Linien, die alle ausschlie\u00dflich von Hand modelliert werden: Lavagna, Cemento und Nebula, hergestellt aus v\u00f6llig unterschiedlichen Materialien, aber vereint durch die F\u00e4higkeit, taktile und atmosph\u00e4rische Empfindungen zu vermitteln.<\/p>\n<p style=\"text-align: left;\">Ma\u00dfe des Diffusors: \u00d8 40 cm x 22,5 cm<br \/>\nRosettenma\u00dfe: \u00d8 12 cm x 4,5 cm<br \/>\nMaterialien: Laprene, Nylon, Nebulite, Farbe mit Betoneffekt<br \/>\nLeuchtmittel: E27 (max. 70 W) empf. LED 13 W \u2013 nicht im Lieferumfang enthalten<br \/>\nAu\u00dfenfarbe: grau<br \/>\nInnenfarbe: Gold, Wei\u00df, Orange<br \/>\nKabelfarbe: wei\u00df<br \/>\nKabell\u00e4nge: 130 cm<br \/>\nProdukttyp: Aufh\u00e4ngung<br \/>\nVerpackungsma\u00dfe: 41 cm x 41 cm x 32 cm \/ 2,5 kg<\/p>\n","protected":false},"excerpt":{"rendered":"<p style=\"text-align: center;\">\u201e <strong>Cyrcus Cemento<\/strong> \u201c ist eine Lampe mit gro\u00dfer materieller Wirkung, eine Br\u00fccke des Dialogs zwischen dem \u00e4u\u00dferen Teil aus Zementfarbe und dem inneren Teil aus farbigem Nebulite\u00ae.<\/p>\n<p style=\"text-align: center;\">*kostenloser Versand<\/p>\n","protected":false},"featured_media":8627,"template":"","meta":[],"product_cat":[308],"product_tag":[],"class_list":{"0":"post-9436","1":"product","2":"type-product","3":"status-publish","4":"has-post-thumbnail","6":"product_cat-bestseller","7":"product_shipping_class-kostenlose-lieferung","9":"first","10":"instock","11":"taxable","12":"shipping-taxable","13":"purchasable","14":"product-type-variable","15":"layout-style-2","16":"col-md-4 col-sm-4 col-xs-6","17":"col-lg-3","18":"product-has-gallery","19":"product-style-default"},"_links":{"self":[{"href":"https:\/\/shop.in-es.com\/de\/wp-json\/wp\/v2\/product\/9436","targetHints":{"allow":["GET"]}}],"collection":[{"href":"https:\/\/shop.in-es.com\/de\/wp-json\/wp\/v2\/product"}],"about":[{"href":"https:\/\/shop.in-es.com\/de\/wp-json\/wp\/v2\/types\/product"}],"wp:featuredmedia":[{"embeddable":true,"href":"https:\/\/shop.in-es.com\/de\/wp-json\/wp\/v2\/media\/8627"}],"wp:attachment":[{"href":"https:\/\/shop.in-es.com\/de\/wp-json\/wp\/v2\/media?parent=9436"}],"wp:term":[{"taxonomy":"product_cat","embeddable":true,"href":"https:\/\/shop.in-es.com\/de\/wp-json\/wp\/v2\/product_cat?post=9436"},{"taxonomy":"product_tag","embeddable":true,"href":"https:\/\/shop.in-es.com\/de\/wp-json\/wp\/v2\/product_tag?post=9436"}],"curies":[{"name":"wp","href":"https:\/\/api.w.org\/{rel}","templated":true}]}}