{"id":9308,"date":"2021-09-08T09:15:44","date_gmt":"2024-03-21T14:24:39","guid":{"rendered":"https:\/\/shop.in-es.com\/sito\/prodotto\/mond\/"},"modified":"2026-04-01T00:06:17","modified_gmt":"2026-04-01T00:06:17","slug":"luna","status":"publish","type":"product","link":"https:\/\/shop.in-es.com\/de\/prodotto\/luna\/","title":{"rendered":"Luna"},"content":{"rendered":"<p style=\"text-align: left;\">Intensive und helle Strahlen, die von einer einzigen Lichtquelle abgegeben werden: Das sind die von Luna, dem Schwerpunkt der Produktkollektion In-es.artdesign. Das Design von Luna enth\u00e4lt Nuancen und vielf\u00e4ltige Empfindungen. <em>Nebulite\u00ae<\/em> <em>,<\/em> das Material, aus dem sie hergestellt ist, verwandelt die Lampe in einen Katalysator f\u00fcr weiches, plastisches Licht. Die Form erinnert direkt an den Himmelsk\u00f6rper und reproduziert ihn in jeder Hinsicht. Als ob man einen kleinen Mond ganz f\u00fcr sich allein h\u00e4tte.<\/p>\n<p style=\"text-align: left;\">Diffusorabmessungen: \u00d8 35\/50 cm<br \/>\nRosettenma\u00dfe: \u00d8 12 cm x 4,5 cm<br \/>\nMaterialien: Laprene, Stahl, Nebulit, Polycarbonat<br \/>\nLeuchtmittel: E27 (max. 50\/70 W), empf. LED 13 W \u2013 nicht im Lieferumfang enthalten<br \/>\nDiffusorfarbe: Wei\u00df<br \/>\nKabelfarbe: transparent<br \/>\nKabell\u00e4nge: 130 cm<br \/>\nProdukttyp: Aufh\u00e4ngung<br \/>\nVerpackungsma\u00dfe Luna 1: 38 cm x 38 cm x 40 cm \/ 2 kg<br \/>\nVerpackungsma\u00dfe des Luna 2: 52 cm x 52 cm x 60 cm \/ 3,5 kg<\/p>\n","protected":false},"excerpt":{"rendered":"<p style=\"text-align: center;\">Luna ist eine vom Mond inspirierte Kollektion mit einem Design, das vielf\u00e4ltige Nuancen und Empfindungen umfasst. Nebulite\u00ae, das Material, aus dem es hergestellt wird, verwandelt die Lampen in einen Katalysator aus weichem, plastischem Licht, das die Mondoberfl\u00e4che nachbildet.<\/p>\n<p>&nbsp;<\/p>\n<p style=\"text-align: center;\">*kostenloser Versand<\/p>\n","protected":false},"featured_media":8429,"template":"","meta":[],"product_cat":[308],"product_tag":[],"class_list":{"0":"post-9308","1":"product","2":"type-product","3":"status-publish","4":"has-post-thumbnail","6":"product_cat-bestseller","7":"product_shipping_class-kostenlose-lieferung","9":"first","10":"instock","11":"taxable","12":"shipping-taxable","13":"purchasable","14":"product-type-variable","15":"layout-style-2","16":"col-md-4 col-sm-4 col-xs-6","17":"col-lg-3","18":"product-has-gallery","19":"product-style-default"},"_links":{"self":[{"href":"https:\/\/shop.in-es.com\/de\/wp-json\/wp\/v2\/product\/9308","targetHints":{"allow":["GET"]}}],"collection":[{"href":"https:\/\/shop.in-es.com\/de\/wp-json\/wp\/v2\/product"}],"about":[{"href":"https:\/\/shop.in-es.com\/de\/wp-json\/wp\/v2\/types\/product"}],"wp:featuredmedia":[{"embeddable":true,"href":"https:\/\/shop.in-es.com\/de\/wp-json\/wp\/v2\/media\/8429"}],"wp:attachment":[{"href":"https:\/\/shop.in-es.com\/de\/wp-json\/wp\/v2\/media?parent=9308"}],"wp:term":[{"taxonomy":"product_cat","embeddable":true,"href":"https:\/\/shop.in-es.com\/de\/wp-json\/wp\/v2\/product_cat?post=9308"},{"taxonomy":"product_tag","embeddable":true,"href":"https:\/\/shop.in-es.com\/de\/wp-json\/wp\/v2\/product_tag?post=9308"}],"curies":[{"name":"wp","href":"https:\/\/api.w.org\/{rel}","templated":true}]}}