{"id":9108,"date":"2019-09-30T07:34:18","date_gmt":"2024-03-21T14:09:47","guid":{"rendered":"https:\/\/shop.in-es.com\/sito\/prodotto\/pop-1-weiss\/"},"modified":"2026-04-01T00:06:24","modified_gmt":"2026-04-01T00:06:24","slug":"pop-1-weis","status":"publish","type":"product","link":"https:\/\/shop.in-es.com\/de\/prodotto\/pop-1-weis\/","title":{"rendered":"Pop 1 Wei\u00df"},"content":{"rendered":"<p style=\"text-align: left;\">Die besonderen harmonischen und innovativen Effekte des Bebop, der den Jazz in den 1940er Jahren revolutionierte und zu einem Trend und Stil wurde, sowohl in der Musik als auch in der Mode, seine modernen und schnellen musikalischen Tempi, inspirieren eine unglaubliche Pop-Art-Sammlung von Lampen in  <strong>laprene<\/strong>Ein farbenfrohes und weiches Gummi, das in kreativen Farbkontrasten angeboten wird und eine starke industrielle Konnotation aufweist. Von warmem Grau \u00fcber Dunkelblau bis hin zu neutralem Wei\u00df werden die Nuancen der <strong>Be.pop-Lampen<\/strong> durch die leuchtenden Farben der Elektrokabel kontrastiert. Die Oberfl\u00e4chen und die Verarbeitung erinnern an Keramik und polierten Beton und erzeugen Lichteffekte und Farbnuancen.<br \/>\nProtagonist der Kollektion ist <strong>&#8222;Cacio&amp;pepe&#8220;<\/strong>, die die Reibe, einen Gegenstand des t\u00e4glichen Gebrauchs, wieder aufgreift und ihr eine neue leuchtende Funktion als H\u00e4nge-, Tisch- und Wandleuchte oder an einem Regal oder einem gespannten Kabel h\u00e4ngend verleiht.<\/p>\n<p style=\"text-align: left;\">Ma\u00dfe des Diffusors: \u00d8 22 cm x 12 cm<br \/>\nMa\u00dfe der Rosette: \u00d8 9 cm x 4 cm<br \/>\nMaterialien: Laprene<br \/>\nGl\u00fchbirne: E14 (max. 8w) rec. LED 6W \u2013 nicht im Lieferumfang enthalten<br \/>\nDiffusorfarbe: Wei\u00df<br \/>\nKabelfarben: wei\u00df, rot, gelb, blau, fluo orange, gold, wei\u00df\/rot, wei\u00df\/schwarz, transparent<br \/>\nKabell\u00e4nge: 250 cm<br \/>\nProdukttyp: Aufh\u00e4ngung\/Applikation<br \/>\nVerpackungsma\u00dfe: 25 cm x 25 cm x 16,7 cm \/ 0,8 kg<\/p>\n","protected":false},"excerpt":{"rendered":"<p style=\"text-align: center;\">Be.pop ist eine Sammlung, die vom be.bop&#8220; inspiriert ist, einem Jazzstil mit schnellem Tempo und innovativen harmonischen Ausarbeitungen. Die Farben der Lampen haben eine starke urbane Konnotation und stehen im Kontrast zu den leuchtenden Farben der Kabel.<\/p>\n<p>&nbsp;<\/p>\n<p style=\"text-align: center;\">*kostenloser Versand<\/p>\n","protected":false},"featured_media":7337,"template":"","meta":[],"product_cat":[339],"product_tag":[],"class_list":{"0":"post-9108","1":"product","2":"type-product","3":"status-publish","4":"has-post-thumbnail","6":"product_cat-be-pop-de","7":"product_shipping_class-kostenlose-lieferung","9":"first","10":"instock","11":"taxable","12":"shipping-taxable","13":"purchasable","14":"product-type-variable","15":"layout-style-2","16":"col-md-4 col-sm-4 col-xs-6","17":"col-lg-3","18":"product-has-gallery","19":"product-style-default"},"_links":{"self":[{"href":"https:\/\/shop.in-es.com\/de\/wp-json\/wp\/v2\/product\/9108","targetHints":{"allow":["GET"]}}],"collection":[{"href":"https:\/\/shop.in-es.com\/de\/wp-json\/wp\/v2\/product"}],"about":[{"href":"https:\/\/shop.in-es.com\/de\/wp-json\/wp\/v2\/types\/product"}],"wp:featuredmedia":[{"embeddable":true,"href":"https:\/\/shop.in-es.com\/de\/wp-json\/wp\/v2\/media\/7337"}],"wp:attachment":[{"href":"https:\/\/shop.in-es.com\/de\/wp-json\/wp\/v2\/media?parent=9108"}],"wp:term":[{"taxonomy":"product_cat","embeddable":true,"href":"https:\/\/shop.in-es.com\/de\/wp-json\/wp\/v2\/product_cat?post=9108"},{"taxonomy":"product_tag","embeddable":true,"href":"https:\/\/shop.in-es.com\/de\/wp-json\/wp\/v2\/product_tag?post=9108"}],"curies":[{"name":"wp","href":"https:\/\/api.w.org\/{rel}","templated":true}]}}